{"id":12,"date":"2025-12-07T17:50:55","date_gmt":"2025-12-07T20:50:55","guid":{"rendered":"http:\/\/31.97.23.194\/wordpress\/?page_id=12"},"modified":"2025-12-14T19:25:34","modified_gmt":"2025-12-14T22:25:34","slug":"home","status":"publish","type":"page","link":"https:\/\/www.jlud.com.br\/","title":{"rendered":"Home"},"content":{"rendered":"\n<p class=\"has-text-align-left has-medium-font-size\">A JLUD \u00e9 uma empresa jovem que busca desenvolver empresas de pequeno e m\u00e9dio porte oferecendo servi\u00e7os de manuten\u00e7\u00e3o el\u00e9trica, adequa\u00e7\u00e3o a NR12 e automa\u00e7\u00e3o industrial. A JLUD est\u00e1 localizada na cidade de Cruzeiro &#8211; SP atendendo as cidades do Vale do Para\u00edba, sul fluminense e sul de Minas Gerais. Seu diferencial est\u00e1 na grande experi\u00eancia de seus profissionais com mais de 15 anos no desenvolvimento de l\u00f3gicas para PLC e IHM das marcas como Rockwell, Siemens e Delta. A JLUD atrav\u00e9s de tecnologias acess\u00edveis e com alto n\u00edvel de ciberseguran\u00e7a consegue integrar os processos dos seus clientes promovendo a oportunidade para o monitoramento online e participa\u00e7\u00e3o na ind\u00fastria 4.0.<\/p>\n","protected":false},"excerpt":{"rendered":"<p>A JLUD \u00e9 uma empresa jovem que busca desenvolver empresas de pequeno e m\u00e9dio porte oferecendo servi\u00e7os de manuten\u00e7\u00e3o el\u00e9trica, adequa\u00e7\u00e3o a NR12 e automa\u00e7\u00e3o industrial. A JLUD est\u00e1 localizada na cidade de Cruzeiro &#8211; SP atendendo as cidades do Vale do Para\u00edba, sul fluminense e sul de Minas Gerais. Seu diferencial est\u00e1 na grande [&hellip;]<\/p>\n","protected":false},"author":1,"featured_media":0,"parent":0,"menu_order":0,"comment_status":"closed","ping_status":"closed","template":"","meta":{"footnotes":""},"class_list":["post-12","page","type-page","status-publish","hentry"],"_links":{"self":[{"href":"https:\/\/www.jlud.com.br\/index.php\/wp-json\/wp\/v2\/pages\/12","targetHints":{"allow":["GET"]}}],"collection":[{"href":"https:\/\/www.jlud.com.br\/index.php\/wp-json\/wp\/v2\/pages"}],"about":[{"href":"https:\/\/www.jlud.com.br\/index.php\/wp-json\/wp\/v2\/types\/page"}],"author":[{"embeddable":true,"href":"https:\/\/www.jlud.com.br\/index.php\/wp-json\/wp\/v2\/users\/1"}],"replies":[{"embeddable":true,"href":"https:\/\/www.jlud.com.br\/index.php\/wp-json\/wp\/v2\/comments?post=12"}],"version-history":[{"count":8,"href":"https:\/\/www.jlud.com.br\/index.php\/wp-json\/wp\/v2\/pages\/12\/revisions"}],"predecessor-version":[{"id":74,"href":"https:\/\/www.jlud.com.br\/index.php\/wp-json\/wp\/v2\/pages\/12\/revisions\/74"}],"wp:attachment":[{"href":"https:\/\/www.jlud.com.br\/index.php\/wp-json\/wp\/v2\/media?parent=12"}],"curies":[{"name":"wp","href":"https:\/\/api.w.org\/{rel}","templated":true}]}}