{"id":34,"date":"2025-12-10T23:05:45","date_gmt":"2025-12-11T02:05:45","guid":{"rendered":"http:\/\/www.jlud.com.br\/wordpress\/?page_id=34"},"modified":"2026-01-06T21:35:23","modified_gmt":"2026-01-07T00:35:23","slug":"servicos","status":"publish","type":"page","link":"https:\/\/www.jlud.com.br\/index.php\/servicos\/","title":{"rendered":"Servi\u00e7os"},"content":{"rendered":"\n<ul class=\"wp-block-list\">\n<li class=\"has-medium-font-size\">Montagem de painel el\u00e9trico;<\/li>\n\n\n\n<li class=\"has-medium-font-size\">Retrofit de painel el\u00e9trico;<\/li>\n<\/ul>\n\n\n\n\n\n<div class=\"wp-block-columns is-layout-flex wp-container-core-columns-is-layout-9d6595d7 wp-block-columns-is-layout-flex\">\n<div class=\"wp-block-column is-layout-flow wp-block-column-is-layout-flow\" style=\"flex-basis:100%\">\n<div class=\"wp-block-group is-layout-grid wp-container-core-group-is-layout-9649a0d9 wp-block-group-is-layout-grid\">\n<figure class=\"wp-block-image size-full\"><img loading=\"lazy\" decoding=\"async\" width=\"300\" height=\"300\" src=\"http:\/\/www.jlud.com.br\/wp-content\/uploads\/2025\/12\/painel-frontal-sem-fundo.png\" alt=\"\" class=\"wp-image-96\" srcset=\"https:\/\/www.jlud.com.br\/wp-content\/uploads\/2025\/12\/painel-frontal-sem-fundo.png 300w, https:\/\/www.jlud.com.br\/wp-content\/uploads\/2025\/12\/painel-frontal-sem-fundo-150x150.png 150w, https:\/\/www.jlud.com.br\/wp-content\/uploads\/2025\/12\/painel-frontal-sem-fundo-100x100.png 100w\" sizes=\"auto, (max-width: 300px) 100vw, 300px\" \/><\/figure>\n\n\n\n<figure class=\"wp-block-image size-full\"><img loading=\"lazy\" decoding=\"async\" width=\"300\" height=\"300\" src=\"https:\/\/www.jlud.com.br\/wp-content\/uploads\/2025\/12\/painel-frontal-aberto-sem-fundo-2.png\" alt=\"\" class=\"wp-image-101\" srcset=\"https:\/\/www.jlud.com.br\/wp-content\/uploads\/2025\/12\/painel-frontal-aberto-sem-fundo-2.png 300w, https:\/\/www.jlud.com.br\/wp-content\/uploads\/2025\/12\/painel-frontal-aberto-sem-fundo-2-150x150.png 150w, https:\/\/www.jlud.com.br\/wp-content\/uploads\/2025\/12\/painel-frontal-aberto-sem-fundo-2-100x100.png 100w\" sizes=\"auto, (max-width: 300px) 100vw, 300px\" \/><\/figure>\n<\/div>\n<\/div>\n<\/div>\n\n\n\n<ul class=\"wp-block-list\">\n<li class=\"has-medium-font-size\">Retrofit de m\u00e1quinas ;<\/li>\n\n\n\n<li class=\"has-medium-font-size\">Manuten\u00e7\u00e3o em m\u00e1quinas ;<\/li>\n\n\n\n<li class=\"has-medium-font-size\">Programa\u00e7\u00e3o de PLC;<\/li>\n\n\n\n<li class=\"has-medium-font-size\">Desenvolvimento de IHM;<\/li>\n\n\n\n<li class=\"has-medium-font-size\">Parametriza\u00e7\u00e3o de inversores de frequ\u00eancia;<\/li>\n\n\n\n<li class=\"has-medium-font-size\">Instala\u00e7\u00f5es EL\u00e9tricas;<\/li>\n\n\n\n<li class=\"has-medium-font-size\">Adequa\u00e7\u00e3o para NR12.<\/li>\n<\/ul>\n","protected":false},"excerpt":{"rendered":"","protected":false},"author":1,"featured_media":0,"parent":0,"menu_order":0,"comment_status":"closed","ping_status":"closed","template":"","meta":{"footnotes":""},"class_list":["post-34","page","type-page","status-publish","hentry"],"_links":{"self":[{"href":"https:\/\/www.jlud.com.br\/index.php\/wp-json\/wp\/v2\/pages\/34","targetHints":{"allow":["GET"]}}],"collection":[{"href":"https:\/\/www.jlud.com.br\/index.php\/wp-json\/wp\/v2\/pages"}],"about":[{"href":"https:\/\/www.jlud.com.br\/index.php\/wp-json\/wp\/v2\/types\/page"}],"author":[{"embeddable":true,"href":"https:\/\/www.jlud.com.br\/index.php\/wp-json\/wp\/v2\/users\/1"}],"replies":[{"embeddable":true,"href":"https:\/\/www.jlud.com.br\/index.php\/wp-json\/wp\/v2\/comments?post=34"}],"version-history":[{"count":13,"href":"https:\/\/www.jlud.com.br\/index.php\/wp-json\/wp\/v2\/pages\/34\/revisions"}],"predecessor-version":[{"id":168,"href":"https:\/\/www.jlud.com.br\/index.php\/wp-json\/wp\/v2\/pages\/34\/revisions\/168"}],"wp:attachment":[{"href":"https:\/\/www.jlud.com.br\/index.php\/wp-json\/wp\/v2\/media?parent=34"}],"curies":[{"name":"wp","href":"https:\/\/api.w.org\/{rel}","templated":true}]}}