{"id":35,"date":"2025-12-10T23:05:45","date_gmt":"2025-12-11T02:05:45","guid":{"rendered":"http:\/\/www.jlud.com.br\/wordpress\/?page_id=35"},"modified":"2025-12-29T23:28:37","modified_gmt":"2025-12-30T02:28:37","slug":"contato","status":"publish","type":"page","link":"https:\/\/www.jlud.com.br\/index.php\/contato\/","title":{"rendered":"Contato"},"content":{"rendered":"\n<figure class=\"wp-block-image size-full is-resized\"><img loading=\"lazy\" decoding=\"async\" width=\"200\" height=\"200\" src=\"http:\/\/www.jlud.com.br\/wp-content\/uploads\/2025\/12\/alemao-foto-polo.png\" alt=\"\" class=\"wp-image-158\" style=\"width:250px\" srcset=\"https:\/\/www.jlud.com.br\/wp-content\/uploads\/2025\/12\/alemao-foto-polo.png 200w, https:\/\/www.jlud.com.br\/wp-content\/uploads\/2025\/12\/alemao-foto-polo-150x150.png 150w, https:\/\/www.jlud.com.br\/wp-content\/uploads\/2025\/12\/alemao-foto-polo-100x100.png 100w\" sizes=\"auto, (max-width: 200px) 100vw, 200px\" \/><\/figure>\n\n\n\nJos\u00e9 Leandro Luz Uchoas, Founder, Diretor <br><a href=\"https:\/\/wa.me\/5512996653641?text=Ol\u00e1! Gostaria de obter mais informa\u00e7\u00f5es sobre seus servi\u00e7os - cheguei por aqui pelo site\"> <img decoding=\"async\" src=\"http:\/\/www.jlud.com.br\/wp-content\/uploads\/2025\/12\/whatsapp-logo-pequeno.png\" \/> (12) 99665-3641<\/a> <p> <br\/><br\/>\n\n\n\n<div class=\"wp-block-group is-nowrap is-layout-flex wp-container-core-group-is-layout-ad2f72ca wp-block-group-is-layout-flex\"><\/div>\n\n\n\n<p>Ou se voc\u00ea preferir pode preencher o formul\u00e1rio abaixo que em breve entraremos em contato com voc\u00ea:<\/p>\n\n\n\n<p><\/p>\n","protected":false},"excerpt":{"rendered":"<p>Jos\u00e9 Leandro Luz Uchoas, Founder, Diretor (12) 99665-3641 Ou se voc\u00ea preferir pode preencher o formul\u00e1rio abaixo que em breve entraremos em contato com voc\u00ea:<\/p>\n","protected":false},"author":1,"featured_media":0,"parent":0,"menu_order":0,"comment_status":"closed","ping_status":"closed","template":"","meta":{"footnotes":""},"class_list":["post-35","page","type-page","status-publish","hentry"],"_links":{"self":[{"href":"https:\/\/www.jlud.com.br\/index.php\/wp-json\/wp\/v2\/pages\/35","targetHints":{"allow":["GET"]}}],"collection":[{"href":"https:\/\/www.jlud.com.br\/index.php\/wp-json\/wp\/v2\/pages"}],"about":[{"href":"https:\/\/www.jlud.com.br\/index.php\/wp-json\/wp\/v2\/types\/page"}],"author":[{"embeddable":true,"href":"https:\/\/www.jlud.com.br\/index.php\/wp-json\/wp\/v2\/users\/1"}],"replies":[{"embeddable":true,"href":"https:\/\/www.jlud.com.br\/index.php\/wp-json\/wp\/v2\/comments?post=35"}],"version-history":[{"count":47,"href":"https:\/\/www.jlud.com.br\/index.php\/wp-json\/wp\/v2\/pages\/35\/revisions"}],"predecessor-version":[{"id":160,"href":"https:\/\/www.jlud.com.br\/index.php\/wp-json\/wp\/v2\/pages\/35\/revisions\/160"}],"wp:attachment":[{"href":"https:\/\/www.jlud.com.br\/index.php\/wp-json\/wp\/v2\/media?parent=35"}],"curies":[{"name":"wp","href":"https:\/\/api.w.org\/{rel}","templated":true}]}}